{"id":4293,"date":"2017-02-01T20:35:06","date_gmt":"2017-02-01T19:35:06","guid":{"rendered":"http:\/\/resista-ulmen.com\/kvalitet\/weiterkultur\/"},"modified":"2018-01-20T18:25:01","modified_gmt":"2018-01-20T17:25:01","slug":"vidarefoeraedling","status":"publish","type":"page","link":"https:\/\/resista-ulmen.com\/sv\/kvalitet\/vidarefoeraedling\/","title":{"rendered":"Vidaref\u00f6r\u00e4dling"},"content":{"rendered":"<h1 style=\"text-align: center;\">Ut i vida v\u00e4rlden<\/h1>\n<p>&nbsp;<\/p>\n<div class=\"cols-wrapper cols-2\">\n<div class=\"col\">\nresista\u00ae unga tr\u00e4d utvecklas vid v\u00e5r tr\u00e4dskola i Darmstadt genom sticklingar. N\u00e4r stammen har f\u00e5tt ett omf\u00e5ng p\u00e5 6-8 cm, f\u00e5r den en transponder f\u00f6r entydig identifiering.<\/p>\n<p>Omsorgsfullt utvalda partnertr\u00e4dskolor p\u00e5 olika europeiska orter tar emot de unga resista\u00ae-almarna f\u00f6r fortsatt odling.<\/p>\n<\/div>\n<div class=\"col\">\nVid en stamomkrets p\u00e5 14-16 cm \u00e4r de klara att s\u00e4ljas till slutkunder eller andra tr\u00e4dskolor. De finns som h\u00f6gstammiga tr\u00e4d fr.o.m. kvalitet 3xv. b\u00e5de i container och med stamskydd.<\/p>\n<p>P\u00e5 det s\u00e4ttet \u00e4r det s\u00e4kerst\u00e4llt att du som k\u00f6pare av resista\u00ae-almar alltid hittar en kompetent kontaktperson i din n\u00e4rhet som kan besvara dina fr\u00e5gor om val av v\u00e4xtplats samt sk\u00f6tsel.<\/p>\n<\/div>\n<\/div>\n<div class=\"quick-gallery\"><div class=\"qg-img qg-no-title\" data-defwidth=\"383\"><a href=\"https:\/\/resista-ulmen.com\/wp-content\/uploads\/3_4_pict_Weiterkultur_3.jpg\" data-rel=\"lightbox[group-42931]\" title=\"\" ><img decoding=\"async\" src=\"https:\/\/resista-ulmen.com\/wp-content\/uploads\/3_4_pict_Weiterkultur_3-383x250.jpg\" alt=\"\"\/><div class=\"qg-overlay\"><span class=\"icon-circle\"><span class=\"pg-icon lightbox-icon\"><\/span><\/span><\/div><\/a><\/div><div class=\"qg-img qg-no-title\" data-defwidth=\"383\"><a href=\"https:\/\/resista-ulmen.com\/wp-content\/uploads\/3_4_pict_Weiterkultur_2.jpg\" data-rel=\"lightbox[group-42931]\" title=\"\" ><img decoding=\"async\" src=\"https:\/\/resista-ulmen.com\/wp-content\/uploads\/3_4_pict_Weiterkultur_2-383x250.jpg\" alt=\"\"\/><div class=\"qg-overlay\"><span class=\"icon-circle\"><span class=\"pg-icon lightbox-icon\"><\/span><\/span><\/div><\/a><\/div><div class=\"qg-img qg-no-title\" data-defwidth=\"383\"><a href=\"https:\/\/resista-ulmen.com\/wp-content\/uploads\/3_4_pict_Weiterkultur_1.jpg\" data-rel=\"lightbox[group-42931]\" title=\"\" ><img decoding=\"async\" src=\"https:\/\/resista-ulmen.com\/wp-content\/uploads\/3_4_pict_Weiterkultur_1-383x250.jpg\" alt=\"\"\/><div class=\"qg-overlay\"><span class=\"icon-circle\"><span class=\"pg-icon lightbox-icon\"><\/span><\/span><\/div><\/a><\/div><div class=\"clear\"><\/div><\/div>\n","protected":false},"excerpt":{"rendered":"<p>Ut i vida v\u00e4rlden &nbsp; resista\u00ae unga tr\u00e4d utvecklas vid v\u00e5r tr\u00e4dskola i Darmstadt genom sticklingar. N\u00e4r stammen har f\u00e5tt [&hellip;]<\/p>\n","protected":false},"author":1,"featured_media":0,"parent":4277,"menu_order":55,"comment_status":"closed","ping_status":"closed","template":"template-full-custom.php","meta":{"footnotes":""},"class_list":["post-4293","page","type-page","status-publish","hentry"],"_links":{"self":[{"href":"https:\/\/resista-ulmen.com\/sv\/wp-json\/wp\/v2\/pages\/4293","targetHints":{"allow":["GET"]}}],"collection":[{"href":"https:\/\/resista-ulmen.com\/sv\/wp-json\/wp\/v2\/pages"}],"about":[{"href":"https:\/\/resista-ulmen.com\/sv\/wp-json\/wp\/v2\/types\/page"}],"author":[{"embeddable":true,"href":"https:\/\/resista-ulmen.com\/sv\/wp-json\/wp\/v2\/users\/1"}],"replies":[{"embeddable":true,"href":"https:\/\/resista-ulmen.com\/sv\/wp-json\/wp\/v2\/comments?post=4293"}],"version-history":[{"count":0,"href":"https:\/\/resista-ulmen.com\/sv\/wp-json\/wp\/v2\/pages\/4293\/revisions"}],"up":[{"embeddable":true,"href":"https:\/\/resista-ulmen.com\/sv\/wp-json\/wp\/v2\/pages\/4277"}],"wp:attachment":[{"href":"https:\/\/resista-ulmen.com\/sv\/wp-json\/wp\/v2\/media?parent=4293"}],"curies":[{"name":"wp","href":"https:\/\/api.w.org\/{rel}","templated":true}]}}