{"id":4301,"date":"2016-03-02T13:13:32","date_gmt":"2016-03-02T12:13:32","guid":{"rendered":"http:\/\/resista-ulmen.com\/forskning\/geschichte-der-ulme\/"},"modified":"2018-01-20T18:36:27","modified_gmt":"2018-01-20T17:36:27","slug":"almens-historia","status":"publish","type":"page","link":"https:\/\/resista-ulmen.com\/sv\/forskning\/almens-historia\/","title":{"rendered":"Almens historia"},"content":{"rendered":"<h1 style=\"text-align: center;\">Ett kulttr\u00e4d har blivit s\u00e4llsynt<\/h1>\n<p>&nbsp;<\/p>\n<div class=\"cols-wrapper cols-2\">\n<div class=\"col\">\n<p>Almens vidstr\u00e4ckta kulturhistoria i Europa g\u00e5r tillbaka \u00e4nda till antiken: Den heliga almen i Efesos \u00e4r ber\u00f6md, och i Eddan st\u00e5r Ask och Embla (liten alm) f\u00f6r man och kvinna. Men \u00e4ven det v\u00e4rdefulla tr\u00e4t och l\u00f6ven har alltid haft stor betydelse f\u00f6r m\u00e4nniska och samh\u00e4lle. Det \u00e4r en paradox: Idag k\u00e4mpar detta tr\u00e4dslag f\u00f6r sin \u00f6verlevnad. Om man tittar p\u00e5 almarna runt omkring oss erbjuder bladen h\u00e4rjade av almsjukan en sorglig syn. Hela Europa och Nordamerika \u00e4r drabbade i stor utstr\u00e4ckning.<\/p>\n<\/div>\n<div class=\"col\">\n<p>D\u00e4r det tidigare fanns st\u00e5tliga tr\u00e4d som bidrog till att f\u00f6rsk\u00f6na och mjuka upp innerst\u00e4derna, har idag hela all\u00e9er fallit offer f\u00f6r sjukdomen. Nyplantering av h\u00f6gresistenta almsorter har hittills varit enda m\u00f6jligheten att f\u00e5 det traditionsrika tr\u00e4det tillbaka.<\/p>\n<\/div>\n<\/div>\n<div class=\"quick-gallery\"><div class=\"qg-img qg-no-title\" data-defwidth=\"383\"><a href=\"https:\/\/resista-ulmen.com\/wp-content\/uploads\/4_4_1_pict_Geschichte_der_Ulme_1.jpg\" data-rel=\"lightbox[group-43011]\" title=\"\" ><img decoding=\"async\" src=\"https:\/\/resista-ulmen.com\/wp-content\/uploads\/4_4_1_pict_Geschichte_der_Ulme_1-383x250.jpg\" alt=\"\"\/><div class=\"qg-overlay\"><span class=\"icon-circle\"><span class=\"pg-icon lightbox-icon\"><\/span><\/span><\/div><\/a><\/div><div class=\"qg-img qg-no-title\" data-defwidth=\"383\"><a href=\"https:\/\/resista-ulmen.com\/wp-content\/uploads\/4_4_1_pict_Geschichte_der_Ulme_2.jpg\" data-rel=\"lightbox[group-43011]\" title=\"\" ><img decoding=\"async\" src=\"https:\/\/resista-ulmen.com\/wp-content\/uploads\/4_4_1_pict_Geschichte_der_Ulme_2-383x250.jpg\" alt=\"\"\/><div class=\"qg-overlay\"><span class=\"icon-circle\"><span class=\"pg-icon lightbox-icon\"><\/span><\/span><\/div><\/a><\/div><div class=\"qg-img qg-no-title\" data-defwidth=\"383\"><a href=\"https:\/\/resista-ulmen.com\/wp-content\/uploads\/4_4_1_pict_Geschichte_der_Ulme_3.jpg\" data-rel=\"lightbox[group-43011]\" title=\"\" ><img decoding=\"async\" src=\"https:\/\/resista-ulmen.com\/wp-content\/uploads\/4_4_1_pict_Geschichte_der_Ulme_3-383x250.jpg\" alt=\"\"\/><div class=\"qg-overlay\"><span class=\"icon-circle\"><span class=\"pg-icon lightbox-icon\"><\/span><\/span><\/div><\/a><\/div><div class=\"clear\"><\/div><\/div>\n","protected":false},"excerpt":{"rendered":"<p>Ett kulttr\u00e4d har blivit s\u00e4llsynt &nbsp; Almens vidstr\u00e4ckta kulturhistoria i Europa g\u00e5r tillbaka \u00e4nda till antiken: Den heliga almen i [&hellip;]<\/p>\n","protected":false},"author":1,"featured_media":0,"parent":4296,"menu_order":61,"comment_status":"closed","ping_status":"closed","template":"template-full-custom.php","meta":{"footnotes":""},"class_list":["post-4301","page","type-page","status-publish","hentry"],"_links":{"self":[{"href":"https:\/\/resista-ulmen.com\/sv\/wp-json\/wp\/v2\/pages\/4301","targetHints":{"allow":["GET"]}}],"collection":[{"href":"https:\/\/resista-ulmen.com\/sv\/wp-json\/wp\/v2\/pages"}],"about":[{"href":"https:\/\/resista-ulmen.com\/sv\/wp-json\/wp\/v2\/types\/page"}],"author":[{"embeddable":true,"href":"https:\/\/resista-ulmen.com\/sv\/wp-json\/wp\/v2\/users\/1"}],"replies":[{"embeddable":true,"href":"https:\/\/resista-ulmen.com\/sv\/wp-json\/wp\/v2\/comments?post=4301"}],"version-history":[{"count":0,"href":"https:\/\/resista-ulmen.com\/sv\/wp-json\/wp\/v2\/pages\/4301\/revisions"}],"up":[{"embeddable":true,"href":"https:\/\/resista-ulmen.com\/sv\/wp-json\/wp\/v2\/pages\/4296"}],"wp:attachment":[{"href":"https:\/\/resista-ulmen.com\/sv\/wp-json\/wp\/v2\/media?parent=4301"}],"curies":[{"name":"wp","href":"https:\/\/api.w.org\/{rel}","templated":true}]}}