{"id":4307,"date":"2016-03-02T13:15:25","date_gmt":"2016-03-02T12:15:25","guid":{"rendered":"http:\/\/resista-ulmen.com\/forskning\/forschung\/"},"modified":"2018-01-21T08:33:04","modified_gmt":"2018-01-21T07:33:04","slug":"almforskning","status":"publish","type":"page","link":"https:\/\/resista-ulmen.com\/sv\/forskning\/almforskning\/","title":{"rendered":"Almforskning"},"content":{"rendered":"<h1 style=\"text-align: center;\">Svaret fr\u00e5n vetenskap och praxis<\/h1>\n<p>&nbsp;<\/p>\n<div class=\"cols-wrapper cols-2\">\n<div class=\"col\">\n<h2 style=\"text-align: center;\">Motmedel s\u00f6kes<\/h2>\n<p>Redan kort efter uppt\u00e4ckten och beskrivning av orsaken till almsjukan \u00e5r 1920 arbetade vetenskapsm\u00e4n v\u00e4rlden \u00f6ver med detta problem, eftersom miljoner tr\u00e4d torkade ut och m\u00e5ste tas ned. Det fanns tv\u00e5 metoder \u2013 hj\u00e4lp p\u00e5 kemisk v\u00e4g eller uppodling av nya sorter som \u00e4r resistenta mot sjukdomen.<br \/>\n&nbsp;<\/p>\n<h2 style=\"text-align: center;\">Bakslag och besvikelser<\/h2>\n<p>I den f\u00f6rsta metoden finns det bara ett medel som kan sprutas p\u00e5 tr\u00e4den. Behandlingen \u00e4r mycket dyr och m\u00e5ste upprepas varje \u00e5r. Detta l\u00f6nar sig endast f\u00f6r s\u00e4rskilt vackra parktr\u00e4d.<\/p>\n<p>V\u00e4gen mot att ta fram resistenta almar var l\u00e5ng. Vid odling av nya resistenta almar gav tr\u00e4den f\u00f6rst upphov till besvikelse p.g.a vitalitets-, form- eller habitus-brister. Det dr\u00f6jer dessutom l\u00e4nge tills att en ny korsning kan visa sitt v\u00e4rde \u2013 minst 15 \u00e5r! Och l\u00e5ngt fler \u00e4n 100.000 korsningar har tagits fram hittills, de flesta i Amerika.<\/p>\n<\/div>\n<div class=\"col\">\n<h2 style=\"text-align: center;\">Almar i bagaget<\/h2>\n<p>I USA \u00e5r 1958 b\u00f6rjade prof. Eugene B. Smalley vid Madison University i Wisconsin \/ USA forska p\u00e5 almsjukan och p\u00e5 odling av resistenta tr\u00e4d. F\u00f6rst samlade han in hundratals olika almslag och underarter fr\u00e5n hela v\u00e4rlden, fr\u00e4mst Asien. D\u00e4refter utf\u00f6rdes korsningar och inympning av korsningarna med sjukdomen i samarbete med dr Ray Guries. Till sist testades de framtagna korsningarna avseende alla \u00f6vriga egenskaper. V\u00e4rlden \u00f6ver klarade f\u00e4rre \u00e4n 100 korsningar denna procedur.<br \/>\n&nbsp;<\/p>\n<h2 style=\"text-align: center;\">Grunden till v\u00e5r framg\u00e5ng<\/h2>\n<p>Tillsammans med Smalley och Guries valde vi ut ca 50 korsningar som verkade vara l\u00e4mpliga f\u00f6r Europa. Vi testade samtliga ytterligare en g\u00e5ng avseende resistensen. Detta var en n\u00f6dv\u00e4ndighet eftersom sjukdomsf\u00f6rloppet ter sig annorlunda beroende p\u00e5 klimatet och ocks\u00e5 sjukdomens aggressivitet kan variera. Vi kunde kontrollera endast f\u00e4rre \u00e4n 10 sorter fram till anm\u00e4lan om EU-sortskydd med efterf\u00f6ljande marknadsf\u00f6ringsm\u00f6jlighet.<\/p>\n<\/div>\n<\/div>\n<div class=\"quick-gallery\"><div class=\"qg-img qg-no-title\" data-defwidth=\"383\"><a href=\"https:\/\/resista-ulmen.com\/wp-content\/uploads\/4_4_3_pict_Ulmenforschung_1.jpg\" data-rel=\"lightbox[group-43071]\" title=\"\" ><img decoding=\"async\" src=\"https:\/\/resista-ulmen.com\/wp-content\/uploads\/4_4_3_pict_Ulmenforschung_1-383x250.jpg\" alt=\"\"\/><div class=\"qg-overlay\"><span class=\"icon-circle\"><span class=\"pg-icon lightbox-icon\"><\/span><\/span><\/div><\/a><\/div><div class=\"qg-img qg-no-title\" data-defwidth=\"383\"><a href=\"https:\/\/resista-ulmen.com\/wp-content\/uploads\/4_4_3_pict_Ulmenforschung_2.jpg\" data-rel=\"lightbox[group-43071]\" title=\"\" ><img decoding=\"async\" src=\"https:\/\/resista-ulmen.com\/wp-content\/uploads\/4_4_3_pict_Ulmenforschung_2-383x250.jpg\" alt=\"\"\/><div class=\"qg-overlay\"><span class=\"icon-circle\"><span class=\"pg-icon lightbox-icon\"><\/span><\/span><\/div><\/a><\/div><div class=\"qg-img qg-no-title\" data-defwidth=\"383\"><a href=\"https:\/\/resista-ulmen.com\/wp-content\/uploads\/4_4_3_pict_Ulmenforschung_3.jpg\" data-rel=\"lightbox[group-43071]\" title=\"\" ><img decoding=\"async\" src=\"https:\/\/resista-ulmen.com\/wp-content\/uploads\/4_4_3_pict_Ulmenforschung_3-383x250.jpg\" alt=\"\"\/><div class=\"qg-overlay\"><span class=\"icon-circle\"><span class=\"pg-icon lightbox-icon\"><\/span><\/span><\/div><\/a><\/div><div class=\"clear\"><\/div><\/div>\n","protected":false},"excerpt":{"rendered":"<p>Svaret fr\u00e5n vetenskap och praxis &nbsp; Motmedel s\u00f6kes Redan kort efter uppt\u00e4ckten och beskrivning av orsaken till almsjukan \u00e5r 1920 [&hellip;]<\/p>\n","protected":false},"author":1,"featured_media":0,"parent":4296,"menu_order":63,"comment_status":"closed","ping_status":"closed","template":"template-full-custom.php","meta":{"footnotes":""},"class_list":["post-4307","page","type-page","status-publish","hentry"],"_links":{"self":[{"href":"https:\/\/resista-ulmen.com\/sv\/wp-json\/wp\/v2\/pages\/4307","targetHints":{"allow":["GET"]}}],"collection":[{"href":"https:\/\/resista-ulmen.com\/sv\/wp-json\/wp\/v2\/pages"}],"about":[{"href":"https:\/\/resista-ulmen.com\/sv\/wp-json\/wp\/v2\/types\/page"}],"author":[{"embeddable":true,"href":"https:\/\/resista-ulmen.com\/sv\/wp-json\/wp\/v2\/users\/1"}],"replies":[{"embeddable":true,"href":"https:\/\/resista-ulmen.com\/sv\/wp-json\/wp\/v2\/comments?post=4307"}],"version-history":[{"count":0,"href":"https:\/\/resista-ulmen.com\/sv\/wp-json\/wp\/v2\/pages\/4307\/revisions"}],"up":[{"embeddable":true,"href":"https:\/\/resista-ulmen.com\/sv\/wp-json\/wp\/v2\/pages\/4296"}],"wp:attachment":[{"href":"https:\/\/resista-ulmen.com\/sv\/wp-json\/wp\/v2\/media?parent=4307"}],"curies":[{"name":"wp","href":"https:\/\/api.w.org\/{rel}","templated":true}]}}