{"id":4310,"date":"2017-02-02T10:19:30","date_gmt":"2017-02-02T09:19:30","guid":{"rendered":"http:\/\/resista-ulmen.com\/stadt-alle\/"},"modified":"2018-01-21T08:38:46","modified_gmt":"2018-01-21T07:38:46","slug":"stad-alle","status":"publish","type":"page","link":"https:\/\/resista-ulmen.com\/sv\/stad-alle\/","title":{"rendered":"Stad + All\u00e9"},"content":{"rendered":"<h1 style=\"text-align: center;\">Perfekt f\u00f6r staden<\/h1>\n<p>&nbsp;<\/p>\n<div class=\"cols-wrapper cols-2\">\n<div class=\"col\">\nDe m\u00e5ste kunna klara sig i mycket tuffa tillv\u00e4xtf\u00f6rh\u00e5llanden. Begr\u00e4nsat rotutrymme, komprimerad jord, n\u00e4ringsbrist, vattenp\u00f6lar eller brist p\u00e5 vatten, avgaser och t\u00f6salt \u2013 det \u00e4r endast n\u00e5gra av de faktorer som kan f\u00f6rsv\u00e5ra en h\u00e4lsosam tillv\u00e4xt hos stadstr\u00e4d. \u00c4ven effekter av klimatomvandlingen i form av alltfler extrema v\u00e4derh\u00e4ndelser, torkperioder l\u00e4ngre \u00e4n genomsnittet eller kraftiga regn med \u00f6versv\u00e4mningar bidrar till en h\u00e5rdare livsmilj\u00f6 i framtiden.<\/p>\n<p>Almar kan klara dessa utmaningar b\u00e4ttre \u00e4n genomsnittet. Och det g\u00f6r de inte minst i klimatet p\u00e5 v\u00e5r forskningsanl\u00e4ggning Madison, d\u00e4r temperaturen p\u00e5 mellan -35\u00b0C och +40\u00b0C. Detta har lett fram till en h\u00f6ggradigt klimattolerant sorturval.<\/p>\n<\/div>\n<div class=\"col\">\nYtterligare en stor f\u00f6rdel med almar \u00e4r att de kan skjuta skott flera g\u00e5nger per tillv\u00e4xtperiod. Det g\u00f6r dem mer resistenta mot m\u00f6jliga skador p.g.a. sen frost eller kal\u00e4tning. Almen klarar \u00e4ven direkta ingrepp fr\u00e5n m\u00e4nniskor p\u00e5 ett \u00f6verraskande bra s\u00e4tt. F\u00f6r stadstr\u00e4d \u00e4r detta viktigt eftersom besk\u00e4rning ofta inte utf\u00f6rs enligt erk\u00e4nda kriterier, utan p\u00e5 basis av ljusbehovsprofiler eller trafiks\u00e4kerhet. I regel klarar dessa robusta tr\u00e4d ocks\u00e5 p\u00e5k\u00f6rningsskador och skador p\u00e5 r\u00f6tterna genom bygg- och gr\u00e4varbeten.<\/p>\n<p>M\u00e5nga st\u00e4der har redan sett potentialen hos v\u00e5ra h\u00f6ggradigt resistenta almar. D\u00e4rf\u00f6r kommer profilen och klimatet f\u00f6r europeiska st\u00e4der i framtiden att pr\u00e4glas av alltfler resista\u00ae-almar.<\/p>\n<\/div>\n<\/div>\n<p>&nbsp;<\/p>\n<h1 style=\"text-align: center;\">Stadens lungor<\/h1>\n<p>&nbsp;<\/p>\n<div class=\"cols-wrapper cols-2\">\n<div class=\"col\">\nTrenden mot urbanisering \u00e4r obruten. I och med tilltagande koncentration av den m\u00e4nskliga befolkningen till urbana storst\u00e4dsomr\u00e5den blir fr\u00e5gan om effektiva f\u00f6rb\u00e4ttringar av st\u00e4dernas mikroklimat och skapande av friskluftsstr\u00e5k allt viktigare.<\/p>\n<\/div>\n<div class=\"col\">\nAlmar tillh\u00f6r de tr\u00e4slag som enligt vetenskapens f\u00f6rsta bed\u00f6mningar r\u00e4knas till de effektivaste stadstr\u00e4den, eftersom de har ett positivt inflytande p\u00e5 stadsklimatet: Almar reducerar findamm och g\u00e5r i det fr\u00e4msta ledet vad g\u00e4ller s\u00e4nkning av kv\u00e4veoxid- och ozonv\u00e4rdena.<\/p>\n<\/div>\n<\/div>\n<div class=\"quick-gallery\"><div class=\"qg-img qg-no-title\" data-defwidth=\"383\"><a href=\"https:\/\/resista-ulmen.com\/wp-content\/uploads\/2_1_Stadt_NL_Amsterdam_Herengracht_MuseumOfTheCanals_03_201307.jpg\" data-rel=\"lightbox[group-43101]\" title=\"Ulmus &#039;New Horizon&#039; in Amsterdam (NL), &lt;a class=&quot;popmake-2-1-stadt-nl-amsterdam-herengracht-museum&quot;&gt;&lt;u&gt;Info&lt;\/u&gt;&lt;\/a&gt;\" ><img decoding=\"async\" src=\"https:\/\/resista-ulmen.com\/wp-content\/uploads\/2_1_Stadt_NL_Amsterdam_Herengracht_MuseumOfTheCanals_03_201307-383x250.jpg\" alt=\"\"\/><div class=\"qg-overlay\"><span class=\"icon-circle\"><span class=\"pg-icon lightbox-icon\"><\/span><\/span><\/div><\/a><\/div><div class=\"qg-img qg-no-title\" data-defwidth=\"383\"><a href=\"https:\/\/resista-ulmen.com\/wp-content\/uploads\/2_1_Stadt_NL_Amsterdam_Herengracht21_01_201507.jpg\" data-rel=\"lightbox[group-43101]\" title=\"Ulmus &#039;New Horizon&#039; in Amsterdam (NL), &lt;a class=&quot;popmake-2-1-stadt-nl-amsterdam-herengracht-21&quot;&gt;&lt;u&gt;Info&lt;\/u&gt;&lt;\/a&gt;\" ><img decoding=\"async\" src=\"https:\/\/resista-ulmen.com\/wp-content\/uploads\/2_1_Stadt_NL_Amsterdam_Herengracht21_01_201507-383x250.jpg\" alt=\"\"\/><div class=\"qg-overlay\"><span class=\"icon-circle\"><span class=\"pg-icon lightbox-icon\"><\/span><\/span><\/div><\/a><\/div><div class=\"qg-img qg-no-title\" data-defwidth=\"383\"><a href=\"https:\/\/resista-ulmen.com\/wp-content\/uploads\/2_1_Stadt_NL_Amsterdam_Herengracht_MuseumOfTheCanals_02_201307.jpg\" data-rel=\"lightbox[group-43101]\" title=\"Ulmus &#039;New Horizon&#039; in Amsterdam (NL), &lt;a class=&quot;popmake-2-1-stadt-nl-amsterdam-herengracht-museum&quot;&gt;&lt;u&gt;Info&lt;\/u&gt;&lt;\/a&gt;\" ><img decoding=\"async\" src=\"https:\/\/resista-ulmen.com\/wp-content\/uploads\/2_1_Stadt_NL_Amsterdam_Herengracht_MuseumOfTheCanals_02_201307-383x250.jpg\" alt=\"\"\/><div class=\"qg-overlay\"><span class=\"icon-circle\"><span class=\"pg-icon lightbox-icon\"><\/span><\/span><\/div><\/a><\/div><div class=\"clear\"><\/div><\/div>\n","protected":false},"excerpt":{"rendered":"<p>Perfekt f\u00f6r staden &nbsp; De m\u00e5ste kunna klara sig i mycket tuffa tillv\u00e4xtf\u00f6rh\u00e5llanden. Begr\u00e4nsat rotutrymme, komprimerad jord, n\u00e4ringsbrist, vattenp\u00f6lar eller [&hellip;]<\/p>\n","protected":false},"author":1,"featured_media":0,"parent":0,"menu_order":7,"comment_status":"closed","ping_status":"closed","template":"template-full-custom.php","meta":{"footnotes":""},"class_list":["post-4310","page","type-page","status-publish","hentry"],"_links":{"self":[{"href":"https:\/\/resista-ulmen.com\/sv\/wp-json\/wp\/v2\/pages\/4310","targetHints":{"allow":["GET"]}}],"collection":[{"href":"https:\/\/resista-ulmen.com\/sv\/wp-json\/wp\/v2\/pages"}],"about":[{"href":"https:\/\/resista-ulmen.com\/sv\/wp-json\/wp\/v2\/types\/page"}],"author":[{"embeddable":true,"href":"https:\/\/resista-ulmen.com\/sv\/wp-json\/wp\/v2\/users\/1"}],"replies":[{"embeddable":true,"href":"https:\/\/resista-ulmen.com\/sv\/wp-json\/wp\/v2\/comments?post=4310"}],"version-history":[{"count":0,"href":"https:\/\/resista-ulmen.com\/sv\/wp-json\/wp\/v2\/pages\/4310\/revisions"}],"wp:attachment":[{"href":"https:\/\/resista-ulmen.com\/sv\/wp-json\/wp\/v2\/media?parent=4310"}],"curies":[{"name":"wp","href":"https:\/\/api.w.org\/{rel}","templated":true}]}}