{"id":4330,"date":"2016-03-02T13:19:58","date_gmt":"2016-03-02T12:19:58","guid":{"rendered":"http:\/\/resista-ulmen.com\/support-service\/pflanzempfehlung\/"},"modified":"2018-01-21T09:05:16","modified_gmt":"2018-01-21T08:05:16","slug":"vaextrekommendation","status":"publish","type":"page","link":"https:\/\/resista-ulmen.com\/sv\/partner-service\/vaextrekommendation\/","title":{"rendered":"V\u00e4xtrekommendation"},"content":{"rendered":"<h1 style=\"text-align: center;\">R\u00e4tt start<\/h1>\n<p>&nbsp;<\/p>\n<div class=\"cols-wrapper cols-2\">\n<div class=\"col\">\nAlmar betraktas som l\u00e4ttplanterade tr\u00e4d. Vi kan bekr\u00e4fta denna egenskap \u00e4ven f\u00f6r resista\u00ae-almarna. Trots det b\u00f6r de behandlas med vederb\u00f6rlig omsorg vid planteringen.<\/p>\n<\/div>\n<div class=\"col\">\nUppv\u00e4xten och vidareutvecklingen hos dina resista\u00ae-almar g\u00e5r d\u00e5 snabbare och det h\u00e4nder klart mer s\u00e4llan att enskilda tr\u00e4d faller bort.<\/p>\n<\/div>\n<\/div>\n<div class=\"quick-gallery\"><div class=\"qg-img qg-no-title\" data-defwidth=\"383\"><a href=\"https:\/\/resista-ulmen.com\/wp-content\/uploads\/3_4_pict_Weiterkultur_3.jpg\" data-rel=\"lightbox[group-43301]\" title=\"\" ><img decoding=\"async\" src=\"https:\/\/resista-ulmen.com\/wp-content\/uploads\/3_4_pict_Weiterkultur_3-383x250.jpg\" alt=\"\"\/><div class=\"qg-overlay\"><span class=\"icon-circle\"><span class=\"pg-icon lightbox-icon\"><\/span><\/span><\/div><\/a><\/div><div class=\"qg-img qg-no-title\" data-defwidth=\"383\"><a href=\"https:\/\/resista-ulmen.com\/wp-content\/uploads\/3_4_pict_Weiterkultur_2.jpg\" data-rel=\"lightbox[group-43301]\" title=\"\" ><img decoding=\"async\" src=\"https:\/\/resista-ulmen.com\/wp-content\/uploads\/3_4_pict_Weiterkultur_2-383x250.jpg\" alt=\"\"\/><div class=\"qg-overlay\"><span class=\"icon-circle\"><span class=\"pg-icon lightbox-icon\"><\/span><\/span><\/div><\/a><\/div><div class=\"qg-img qg-no-title\" data-defwidth=\"383\"><a href=\"https:\/\/resista-ulmen.com\/wp-content\/uploads\/3_4_pict_Weiterkultur_1.jpg\" data-rel=\"lightbox[group-43301]\" title=\"\" ><img decoding=\"async\" src=\"https:\/\/resista-ulmen.com\/wp-content\/uploads\/3_4_pict_Weiterkultur_1-383x250.jpg\" alt=\"\"\/><div class=\"qg-overlay\"><span class=\"icon-circle\"><span class=\"pg-icon lightbox-icon\"><\/span><\/span><\/div><\/a><\/div><div class=\"clear\"><\/div><\/div>\n","protected":false},"excerpt":{"rendered":"<p>R\u00e4tt start &nbsp; Almar betraktas som l\u00e4ttplanterade tr\u00e4d. Vi kan bekr\u00e4fta denna egenskap \u00e4ven f\u00f6r resista\u00ae-almarna. Trots det b\u00f6r de [&hellip;]<\/p>\n","protected":false},"author":1,"featured_media":0,"parent":4322,"menu_order":93,"comment_status":"closed","ping_status":"closed","template":"template-full-custom.php","meta":{"footnotes":""},"class_list":["post-4330","page","type-page","status-publish","hentry"],"_links":{"self":[{"href":"https:\/\/resista-ulmen.com\/sv\/wp-json\/wp\/v2\/pages\/4330","targetHints":{"allow":["GET"]}}],"collection":[{"href":"https:\/\/resista-ulmen.com\/sv\/wp-json\/wp\/v2\/pages"}],"about":[{"href":"https:\/\/resista-ulmen.com\/sv\/wp-json\/wp\/v2\/types\/page"}],"author":[{"embeddable":true,"href":"https:\/\/resista-ulmen.com\/sv\/wp-json\/wp\/v2\/users\/1"}],"replies":[{"embeddable":true,"href":"https:\/\/resista-ulmen.com\/sv\/wp-json\/wp\/v2\/comments?post=4330"}],"version-history":[{"count":0,"href":"https:\/\/resista-ulmen.com\/sv\/wp-json\/wp\/v2\/pages\/4330\/revisions"}],"up":[{"embeddable":true,"href":"https:\/\/resista-ulmen.com\/sv\/wp-json\/wp\/v2\/pages\/4322"}],"wp:attachment":[{"href":"https:\/\/resista-ulmen.com\/sv\/wp-json\/wp\/v2\/media?parent=4330"}],"curies":[{"name":"wp","href":"https:\/\/api.w.org\/{rel}","templated":true}]}}