{"id":4334,"date":"2016-03-02T13:20:43","date_gmt":"2016-03-02T12:20:43","guid":{"rendered":"http:\/\/resista-ulmen.com\/support-service\/pflanzschnitt\/"},"modified":"2018-01-21T09:08:44","modified_gmt":"2018-01-21T08:08:44","slug":"beskaerning","status":"publish","type":"page","link":"https:\/\/resista-ulmen.com\/sv\/partner-service\/beskaerning\/","title":{"rendered":"Besk\u00e4rning"},"content":{"rendered":"<h1 style=\"text-align: center;\">R\u00e4tt beskuret, h\u00e4lften vunnet<\/h1>\n<p>&nbsp;<\/p>\n<div class=\"cols-wrapper cols-2\">\n<div class=\"col\">\nEn viktig f\u00f6ruts\u00e4ttning f\u00f6r en problemfri tillv\u00e4xt och god vidareutveckling hos nyplanterade tr\u00e4d \u00e4r besk\u00e4rning. Slaget och intensiteten hos besk\u00e4rningen r\u00e4ttar sig dels efter tr\u00e4dslaget. I regel skall almar besk\u00e4ras n\u00e5got intensivare, precis som lind och l\u00f6nn.<\/p>\n<p>Dessutom m\u00e5ste man ta h\u00e4nsyn till kronans tillst\u00e5nd n\u00e4r tr\u00e4det kommer fr\u00e5n tr\u00e4dskolan. Tr\u00e4d \u00e4r levande v\u00e4sen och deras tillv\u00e4xt kan inte standardiseras med tanke p\u00e5 v\u00e4drets makter. Under kalla \u00e5r i tr\u00e4dskolan beh\u00f6vs v\u00e4l knappt n\u00e5gon besk\u00e4rning (man kan ju bara ta bort det som har v\u00e4xt fram), och d\u00e4rf\u00f6r m\u00e5ste kronorna nu gallras ordentligt p\u00e5 v\u00e4xtplatsen. Gynnsamma tillv\u00e4xtf\u00f6rh\u00e5llanden har gjort extra korrigerande besk\u00e4rning n\u00f6dv\u00e4ndig, d\u00e5 beh\u00f6vs inte s\u00e5 mycket besk\u00e4ras p\u00e5 v\u00e4xtplatsen.<\/p>\n<\/div>\n<div class=\"col\">\nEn bred-pyramidal kronform b\u00f6r vara m\u00e5let f\u00f6r besk\u00e4rnings\u00e5tg\u00e4rderna. F\u00f6rutom borttagning av konkurrerande grenar kan de \u00f6vre huvudgrenarna kortas ned mer \u00e4n de undre, d\u00e4rvid b\u00f6r man besk\u00e4ra endast ett\u00e5rstr\u00e4t, om m\u00f6jligt. Den del av grenarna kan tas bort och sidogrenar kortas. Vid urtagning av gr\u00f6vre grenar t.ex. i kronansatsen, sk\u00e4r man alltid p\u00e5 grenringen.<\/p>\n<p>Intensiteten hos plantbesk\u00e4rningen p\u00e5verkas av om tr\u00e4den planteras utan stamskydd, med stamskydd eller fr\u00e5n container, p\u00e5 h\u00f6sten eller tidig v\u00e5r (ev. redan med satta knoppar).<\/p>\n<\/div>\n<\/div>\n<div class=\"quick-gallery\"><div class=\"qg-img qg-no-title\" data-defwidth=\"383\"><a href=\"https:\/\/resista-ulmen.com\/wp-content\/uploads\/3_4_pict_Weiterkultur_3.jpg\" data-rel=\"lightbox[group-43341]\" title=\"\" ><img decoding=\"async\" src=\"https:\/\/resista-ulmen.com\/wp-content\/uploads\/3_4_pict_Weiterkultur_3-383x250.jpg\" alt=\"\"\/><div class=\"qg-overlay\"><span class=\"icon-circle\"><span class=\"pg-icon lightbox-icon\"><\/span><\/span><\/div><\/a><\/div><div class=\"qg-img qg-no-title\" data-defwidth=\"383\"><a href=\"https:\/\/resista-ulmen.com\/wp-content\/uploads\/3_4_pict_Weiterkultur_2.jpg\" data-rel=\"lightbox[group-43341]\" title=\"\" ><img decoding=\"async\" src=\"https:\/\/resista-ulmen.com\/wp-content\/uploads\/3_4_pict_Weiterkultur_2-383x250.jpg\" alt=\"\"\/><div class=\"qg-overlay\"><span class=\"icon-circle\"><span class=\"pg-icon lightbox-icon\"><\/span><\/span><\/div><\/a><\/div><div class=\"qg-img qg-no-title\" data-defwidth=\"383\"><a href=\"https:\/\/resista-ulmen.com\/wp-content\/uploads\/3_4_pict_Weiterkultur_1.jpg\" data-rel=\"lightbox[group-43341]\" title=\"\" ><img decoding=\"async\" src=\"https:\/\/resista-ulmen.com\/wp-content\/uploads\/3_4_pict_Weiterkultur_1-383x250.jpg\" alt=\"\"\/><div class=\"qg-overlay\"><span class=\"icon-circle\"><span class=\"pg-icon lightbox-icon\"><\/span><\/span><\/div><\/a><\/div><div class=\"clear\"><\/div><\/div>\n","protected":false},"excerpt":{"rendered":"<p>R\u00e4tt beskuret, h\u00e4lften vunnet &nbsp; En viktig f\u00f6ruts\u00e4ttning f\u00f6r en problemfri tillv\u00e4xt och god vidareutveckling hos nyplanterade tr\u00e4d \u00e4r besk\u00e4rning. [&hellip;]<\/p>\n","protected":false},"author":1,"featured_media":0,"parent":4322,"menu_order":94,"comment_status":"closed","ping_status":"closed","template":"template-full-custom.php","meta":{"footnotes":""},"class_list":["post-4334","page","type-page","status-publish","hentry"],"_links":{"self":[{"href":"https:\/\/resista-ulmen.com\/sv\/wp-json\/wp\/v2\/pages\/4334","targetHints":{"allow":["GET"]}}],"collection":[{"href":"https:\/\/resista-ulmen.com\/sv\/wp-json\/wp\/v2\/pages"}],"about":[{"href":"https:\/\/resista-ulmen.com\/sv\/wp-json\/wp\/v2\/types\/page"}],"author":[{"embeddable":true,"href":"https:\/\/resista-ulmen.com\/sv\/wp-json\/wp\/v2\/users\/1"}],"replies":[{"embeddable":true,"href":"https:\/\/resista-ulmen.com\/sv\/wp-json\/wp\/v2\/comments?post=4334"}],"version-history":[{"count":0,"href":"https:\/\/resista-ulmen.com\/sv\/wp-json\/wp\/v2\/pages\/4334\/revisions"}],"up":[{"embeddable":true,"href":"https:\/\/resista-ulmen.com\/sv\/wp-json\/wp\/v2\/pages\/4322"}],"wp:attachment":[{"href":"https:\/\/resista-ulmen.com\/sv\/wp-json\/wp\/v2\/media?parent=4334"}],"curies":[{"name":"wp","href":"https:\/\/api.w.org\/{rel}","templated":true}]}}